{"id":37,"date":"2024-02-07T00:23:38","date_gmt":"2024-02-07T00:23:38","guid":{"rendered":"https:\/\/cyaerfolg.com\/?page_id=37"},"modified":"2024-02-07T16:49:36","modified_gmt":"2024-02-07T16:49:36","slug":"nosotros","status":"publish","type":"page","link":"https:\/\/cyaerfolg.com\/index.php\/nosotros\/","title":{"rendered":"Nosotros"},"content":{"rendered":"<p>[et_pb_section fb_built=&#8221;1&#8243; _builder_version=&#8221;4.23.1&#8243; _module_preset=&#8221;default&#8221; use_background_color_gradient=&#8221;on&#8221; background_blend=&#8221;multiply&#8221; global_colors_info=&#8221;{}&#8221;][et_pb_row _builder_version=&#8221;4.23.1&#8243; _module_preset=&#8221;default&#8221; hover_enabled=&#8221;0&#8243; global_colors_info=&#8221;{}&#8221; animation_style=&#8221;zoom&#8221; animation_direction=&#8221;bottom&#8221; animation_intensity_zoom=&#8221;22%&#8221; motion_trigger_start=&#8221;top&#8221; scroll_scaling_enable=&#8221;on&#8221; scroll_scaling=&#8221;0|50|67|100|70|100|100&#8243; sticky_enabled=&#8221;0&#8243;][et_pb_column type=&#8221;4_4&#8243; _builder_version=&#8221;4.23.1&#8243; _module_preset=&#8221;default&#8221; global_colors_info=&#8221;{}&#8221;][et_pb_post_title meta=&#8221;off&#8221; featured_image=&#8221;off&#8221; text_color=&#8221;light&#8221; _builder_version=&#8221;4.23.1&#8243; _module_preset=&#8221;default&#8221; text_shadow_style=&#8221;preset1&#8243; text_shadow_color=&#8221;#000000&#8243; global_colors_info=&#8221;{}&#8221;][\/et_pb_post_title][et_pb_text _builder_version=&#8221;4.23.1&#8243; _module_preset=&#8221;default&#8221; text_text_color=&#8221;#FFFFFF&#8221; text_font_size=&#8221;18px&#8221; text_letter_spacing=&#8221;2px&#8221; global_colors_info=&#8221;{}&#8221;]<\/p>\n<p style=\"text-align: justify;\">En Erfolg, nuestra amplia gama de servicios y productos est\u00e1 dise\u00f1ada para abordar las diversas necesidades de la industria de la construcci\u00f3n y m\u00e1s all\u00e1. Desde el\u00a0 uministro confiable de materiales fundamentales como cemento, tabique y grava, hasta la distribuci\u00f3n estrat\u00e9gica de maquinaria pesada y equipos de transporte, estamos comprometidos a proporcionar soluciones integrales que impulsan la eficiencia y el \u00e9xito en los proyectos. Nuestro equipo de expertos tambi\u00e9n brinda servicios de asesor\u00eda y consultor\u00eda, guiando a nuestros clientes a trav\u00e9s de desaf\u00edos espec\u00edficos de la industria de la construcci\u00f3n. Asimismo, hemos ampliado nuestro alcance al comercio mayorista de productos textiles, presentando una diversidad de opciones para diversas aplicaciones industriales. En Erfolg, nuestro compromiso con la calidad y la innovaci\u00f3n impulsa cada aspecto de lo que ofrecemos, garantizando que nuestros clientes cuenten con recursos confiables y soluciones vanguardistas para alcanzar sus objetivos.<\/p>\n<p>[\/et_pb_text][\/et_pb_column][\/et_pb_row][et_pb_row _builder_version=&#8221;4.23.1&#8243; _module_preset=&#8221;default&#8221; width=&#8221;84%&#8221; global_colors_info=&#8221;{}&#8221;][et_pb_column type=&#8221;4_4&#8243; _builder_version=&#8221;4.23.1&#8243; _module_preset=&#8221;default&#8221; global_colors_info=&#8221;{}&#8221;][et_pb_tabs active_tab_background_color=&#8221;#E09900&#8243; active_tab_text_color=&#8221;#FFFFFF&#8221; _builder_version=&#8221;4.23.1&#8243; _module_preset=&#8221;default&#8221; body_font_size=&#8221;23px&#8221; body_line_height=&#8221;1.8em&#8221; background_enable_color=&#8221;off&#8221; animation_style=&#8221;fade&#8221; global_colors_info=&#8221;{}&#8221;][et_pb_tab title=&#8221;Mis\u00f3n&#8221; _builder_version=&#8221;4.23.1&#8243; _module_preset=&#8221;default&#8221; background_enable_color=&#8221;off&#8221; global_colors_info=&#8221;{}&#8221;]<\/p>\n<p style=\"text-align: justify;\">En Erfolg, nuestra misi\u00f3n trasciende m\u00e1s all\u00e1 de ser una comercializadora convencional. Nos dedicamos a empoderar proyectos de construcci\u00f3n e industria al proporcionar una amplia gama de suministros, materiales y servicios de la m\u00e1s alta calidad. Nuestro compromiso radica en facilitar el camino hacia el\u00a0 exito para nuestros clientes, brind\u00e1ndoles soluciones integrales que optimizan sus operaciones y maximizan los resultados. Con una pasi\u00f3n inquebrantable por la excelencia y la satisfacci\u00f3n del cliente, trabajamos incansablemente para superar expectativas y dejar una huella positiva en cada proyecto que tocamos.<\/p>\n<p>[\/et_pb_tab][et_pb_tab title=&#8221;Visi\u00f3n&#8221; _builder_version=&#8221;4.23.1&#8243; _module_preset=&#8221;default&#8221; global_colors_info=&#8221;{}&#8221;]<\/p>\n<p style=\"text-align: justify;\">Nuestra visi\u00f3n en Erfolg es audaz y orientada hacia el futuro. Aspiramos a convertirnos en la principal referencia en el mercado de la comercializaci\u00f3n y\u00a0 distribuci\u00f3n de materiales para la construcci\u00f3n. Visualizamos un escenario donde somos reconocidos por nuestra constante innovaci\u00f3n en productos y servicios, as\u00ed como por nuestra capacidad para resolver los desaf\u00edos m\u00e1s complejos de la industria. Como l\u00edderes, nos esforzamos por establecer est\u00e1ndares elevados en t\u00e9rminos de calidad, confiabilidad y compromiso con nuestros clientes. Nuestro sue\u00f1o es ser un socio estrat\u00e9gico inigualable que no solo facilita proyectos, sino que tambi\u00e9n impulsa el crecimiento econ\u00f3mico y el desarrollo sostenible en las comunidades que servimos. Con una presencia arraigada a nivel regional y nacional, estamos decididos a marcar el rumbo de la industria y a inspirar un cambio duradero.<\/p>\n<p>[\/et_pb_tab][\/et_pb_tabs][\/et_pb_column][\/et_pb_row][\/et_pb_section]<\/p>\n","protected":false},"excerpt":{"rendered":"<p>En Erfolg, nuestra amplia gama de servicios y productos est\u00e1 dise\u00f1ada para abordar las diversas necesidades de la industria de la construcci\u00f3n y m\u00e1s all\u00e1. Desde el\u00a0 uministro confiable de materiales fundamentales como cemento, tabique y grava, hasta la distribuci\u00f3n estrat\u00e9gica de maquinaria pesada y equipos de transporte, estamos comprometidos a proporcionar soluciones integrales que [&hellip;]<\/p>\n","protected":false},"author":1,"featured_media":0,"parent":0,"menu_order":0,"comment_status":"closed","ping_status":"closed","template":"","meta":{"_et_pb_use_builder":"on","_et_pb_old_content":"<!-- wp:divi\/placeholder \/-->","_et_gb_content_width":"","footnotes":""},"_links":{"self":[{"href":"https:\/\/cyaerfolg.com\/index.php\/wp-json\/wp\/v2\/pages\/37"}],"collection":[{"href":"https:\/\/cyaerfolg.com\/index.php\/wp-json\/wp\/v2\/pages"}],"about":[{"href":"https:\/\/cyaerfolg.com\/index.php\/wp-json\/wp\/v2\/types\/page"}],"author":[{"embeddable":true,"href":"https:\/\/cyaerfolg.com\/index.php\/wp-json\/wp\/v2\/users\/1"}],"replies":[{"embeddable":true,"href":"https:\/\/cyaerfolg.com\/index.php\/wp-json\/wp\/v2\/comments?post=37"}],"version-history":[{"count":4,"href":"https:\/\/cyaerfolg.com\/index.php\/wp-json\/wp\/v2\/pages\/37\/revisions"}],"predecessor-version":[{"id":59,"href":"https:\/\/cyaerfolg.com\/index.php\/wp-json\/wp\/v2\/pages\/37\/revisions\/59"}],"wp:attachment":[{"href":"https:\/\/cyaerfolg.com\/index.php\/wp-json\/wp\/v2\/media?parent=37"}],"curies":[{"name":"wp","href":"https:\/\/api.w.org\/{rel}","templated":true}]}}